{"id":14739,"date":"2026-03-30T05:07:53","date_gmt":"2026-03-30T05:07:53","guid":{"rendered":"https:\/\/protekon.com\/?post_type=product&#038;p=14739"},"modified":"2026-03-30T05:08:24","modified_gmt":"2026-03-30T05:08:24","slug":"ultrasonic-flow-rate-and-calorie-measurement-system","status":"publish","type":"product","link":"https:\/\/protekon.com\/en\/product\/ultrasonic-flow-rate-and-calorie-measurement-system\/","title":{"rendered":"Ultrasonic Flow Rate and Calorie Measurement System"},"content":{"rendered":"","protected":false},"excerpt":{"rendered":"<p>Ultrasonik prensiple \u00e7al\u0131\u015fan ak\u0131\u015f \u00f6l\u00e7erler ve PT100 s\u0131cakl\u0131k sens\u00f6rleri kullan\u0131larak y\u00fcksek hassasiyetli kalori \u00f6l\u00e7\u00fcm\u00fc ger\u00e7ekle\u015ftirilir.<\/p>","protected":false},"featured_media":14740,"comment_status":"closed","ping_status":"closed","template":"","meta":[],"product_brand":[],"product_cat":[52],"product_tag":[],"class_list":{"0":"post-14739","1":"product","2":"type-product","3":"status-publish","4":"has-post-thumbnail","6":"product_cat-ultrasonik-akis-olcer","8":"first","9":"instock","10":"shipping-taxable","11":"product-type-simple"},"_links":{"self":[{"href":"https:\/\/protekon.com\/en\/wp-json\/wp\/v2\/product\/14739","targetHints":{"allow":["GET"]}}],"collection":[{"href":"https:\/\/protekon.com\/en\/wp-json\/wp\/v2\/product"}],"about":[{"href":"https:\/\/protekon.com\/en\/wp-json\/wp\/v2\/types\/product"}],"replies":[{"embeddable":true,"href":"https:\/\/protekon.com\/en\/wp-json\/wp\/v2\/comments?post=14739"}],"wp:featuredmedia":[{"embeddable":true,"href":"https:\/\/protekon.com\/en\/wp-json\/wp\/v2\/media\/14740"}],"wp:attachment":[{"href":"https:\/\/protekon.com\/en\/wp-json\/wp\/v2\/media?parent=14739"}],"wp:term":[{"taxonomy":"product_brand","embeddable":true,"href":"https:\/\/protekon.com\/en\/wp-json\/wp\/v2\/product_brand?post=14739"},{"taxonomy":"product_cat","embeddable":true,"href":"https:\/\/protekon.com\/en\/wp-json\/wp\/v2\/product_cat?post=14739"},{"taxonomy":"product_tag","embeddable":true,"href":"https:\/\/protekon.com\/en\/wp-json\/wp\/v2\/product_tag?post=14739"}],"curies":[{"name":"wp","href":"https:\/\/api.w.org\/{rel}","templated":true}]}}