{"id":14741,"date":"2026-03-30T05:11:03","date_gmt":"2026-03-30T05:11:03","guid":{"rendered":"https:\/\/protekon.com\/?post_type=product&#038;p=14741"},"modified":"2026-03-30T05:11:39","modified_gmt":"2026-03-30T05:11:39","slug":"rm-bf-2-series-ultrasonic-flowmeter","status":"publish","type":"product","link":"https:\/\/protekon.com\/en\/product\/rm-bf-2-series-ultrasonic-flowmeter\/","title":{"rendered":"RM-BF-2 Series Ultrasonic Flowmeter"},"content":{"rendered":"<table>\n<tbody>\n<tr>\n<td>\n<p dir=\"ltr\">Measurement Range<\/p>\n<\/td>\n<td>\n<p dir=\"ltr\">DN15\u2013DN6000 (Clamp-on &amp; Insertion) \/ DN6\u2013DN2000 (Inline)<\/p>\n<\/td>\n<\/tr>\n<tr>\n<td>Fluid Temperature<\/td>\n<td>-30 \u00b0C &#8230; +160 \u00b0C<\/td>\n<\/tr>\n<tr>\n<td>Measurement Accuracy<\/td>\n<td>0.5%<\/td>\n<\/tr>\n<tr>\n<td>Supply Voltage<\/td>\n<td>DC 24 V or AC 85\u2013264 V<\/td>\n<\/tr>\n<tr>\n<td>Outputs<\/td>\n<td>4\u201320 mA, relay, frequency<\/td>\n<\/tr>\n<tr>\n<td>Communication<\/td>\n<td>RS485 (Modbus RTU)<\/td>\n<\/tr>\n<tr>\n<td>Protection Class<\/td>\n<td>IP68<\/td>\n<\/tr>\n<tr>\n<td>Temperature Sensors<\/td>\n<td>PT100 \/ PT1000 (3 or 4-wire)<\/td>\n<\/tr>\n<tr>\n<td>Mounting Types<\/td>\n<td>Clamp-on, Insertion, Inline (flanged\/threaded)<\/td>\n<\/tr>\n<\/tbody>\n<\/table>","protected":false},"excerpt":{"rendered":"<p>RM-BF-P2 \/ RM-P2 Ultrasonik Ak\u0131\u015f \u00d6l\u00e7er ve Is\u0131 \u00d6l\u00e7er, su, enerji y\u00f6netimi ve end\u00fcstriyel proseslerde y\u00fcksek hassasiyetli \u00f6l\u00e7\u00fcm sunar. Temass\u0131z ultrasonik teknoloji sayesinde boruya zarar vermeden monte edilir ve devreye al\u0131nmas\u0131 kolayd\u0131r.<\/p>\n<p>Cihaz bir d\u00f6n\u00fc\u015ft\u00fcr\u00fcc\u00fc ve transd\u00fcserlerden olu\u015fur. Uygulamaya ba\u011fl\u0131 olarak kelep\u00e7eli, yerle\u015ftirme veya hat i\u00e7i tip sens\u00f6rlerle \u00e7al\u0131\u015f\u0131r. Is\u0131 ve enerji \u00f6l\u00e7\u00fcm\u00fc i\u00e7in iste\u011fe ba\u011fl\u0131 PT100\/PT1000 s\u0131cakl\u0131k sens\u00f6rleri de ba\u011flanabilir.<\/p>","protected":false},"featured_media":14742,"comment_status":"closed","ping_status":"closed","template":"","meta":[],"product_brand":[],"product_cat":[52],"product_tag":[],"class_list":{"0":"post-14741","1":"product","2":"type-product","3":"status-publish","4":"has-post-thumbnail","6":"product_cat-ultrasonik-akis-olcer","8":"first","9":"instock","10":"shipping-taxable","11":"product-type-simple"},"_links":{"self":[{"href":"https:\/\/protekon.com\/en\/wp-json\/wp\/v2\/product\/14741","targetHints":{"allow":["GET"]}}],"collection":[{"href":"https:\/\/protekon.com\/en\/wp-json\/wp\/v2\/product"}],"about":[{"href":"https:\/\/protekon.com\/en\/wp-json\/wp\/v2\/types\/product"}],"replies":[{"embeddable":true,"href":"https:\/\/protekon.com\/en\/wp-json\/wp\/v2\/comments?post=14741"}],"wp:featuredmedia":[{"embeddable":true,"href":"https:\/\/protekon.com\/en\/wp-json\/wp\/v2\/media\/14742"}],"wp:attachment":[{"href":"https:\/\/protekon.com\/en\/wp-json\/wp\/v2\/media?parent=14741"}],"wp:term":[{"taxonomy":"product_brand","embeddable":true,"href":"https:\/\/protekon.com\/en\/wp-json\/wp\/v2\/product_brand?post=14741"},{"taxonomy":"product_cat","embeddable":true,"href":"https:\/\/protekon.com\/en\/wp-json\/wp\/v2\/product_cat?post=14741"},{"taxonomy":"product_tag","embeddable":true,"href":"https:\/\/protekon.com\/en\/wp-json\/wp\/v2\/product_tag?post=14741"}],"curies":[{"name":"wp","href":"https:\/\/api.w.org\/{rel}","templated":true}]}}