{"id":14745,"date":"2026-03-30T05:25:25","date_gmt":"2026-03-30T05:25:25","guid":{"rendered":"https:\/\/protekon.com\/?post_type=product&#038;p=14745"},"modified":"2026-03-30T05:25:25","modified_gmt":"2026-03-30T05:25:25","slug":"insertion-type-liquid-turbine-flow-meter","status":"publish","type":"product","link":"https:\/\/protekon.com\/en\/product\/insertion-type-liquid-turbine-flow-meter\/","title":{"rendered":"Insertion Type Liquid Turbine Flow Meter"},"content":{"rendered":"<table>\n<tbody>\n<tr>\n<td>\n<p dir=\"ltr\"><b data-index-in-node=\"0\" data-path-to-node=\"8,1,0,0\">Product Type<\/b><\/p>\n<\/td>\n<td>\n<p dir=\"ltr\">Insertion Type Liquid Turbine Flowmeter<\/p>\n<\/td>\n<\/tr>\n<tr>\n<td>\n<p dir=\"ltr\"><b data-index-in-node=\"0\" data-path-to-node=\"8,2,0,0\">Application Area<\/b><\/p>\n<\/td>\n<td>\n<p dir=\"ltr\">Non-particulate (clean) liquid fluids<\/p>\n<\/td>\n<\/tr>\n<tr>\n<td>\n<p dir=\"ltr\"><b data-index-in-node=\"0\" data-path-to-node=\"8,3,0,0\">Measurement Principle<\/b><\/p>\n<\/td>\n<td>\n<p dir=\"ltr\">Velocity and quantity detection via axial turbine rotation<\/p>\n<\/td>\n<\/tr>\n<tr>\n<td>\n<p dir=\"ltr\"><b data-index-in-node=\"0\" data-path-to-node=\"8,4,0,0\">Body Structure<\/b><\/p>\n<\/td>\n<td>\n<p dir=\"ltr\">Fully enclosed, isolated from external environment, hermetically sealed<\/p>\n<\/td>\n<\/tr>\n<tr>\n<td>\n<p dir=\"ltr\"><b data-index-in-node=\"0\" data-path-to-node=\"8,5,0,0\">Electronic Protection<\/b><\/p>\n<\/td>\n<td>\n<p dir=\"ltr\">Measuring cell completely isolated from fluid and environment<\/p>\n<\/td>\n<\/tr>\n<tr>\n<td>\n<p dir=\"ltr\"><b data-index-in-node=\"0\" data-path-to-node=\"8,6,0,0\">Connection Type<\/b><\/p>\n<\/td>\n<td>\n<p dir=\"ltr\">No mechanical linkage (Non-contact sensing)<\/p>\n<\/td>\n<\/tr>\n<tr>\n<td>\n<p dir=\"ltr\"><b data-index-in-node=\"0\" data-path-to-node=\"8,7,0,0\">Durability<\/b><\/p>\n<\/td>\n<td>\n<p dir=\"ltr\">High pressure resistance and leak-proof guarantee<\/p>\n<\/td>\n<\/tr>\n<tr>\n<td>\n<p dir=\"ltr\"><b data-index-in-node=\"0\" data-path-to-node=\"8,8,0,0\">Advantages<\/b><\/p>\n<\/td>\n<td>\n<p dir=\"ltr\">Cost-effective solution, practical installation, long service life<\/p>\n<\/td>\n<\/tr>\n<tr>\n<td>\n<p dir=\"ltr\"><b data-index-in-node=\"0\" data-path-to-node=\"8,9,0,0\">Typical Applications<\/b><\/p>\n<\/td>\n<\/tr>\n<\/tbody>\n<\/table>","protected":false},"excerpt":{"rendered":"<p>S\u0131v\u0131 t\u00fcrbinli ak\u0131\u015f \u00f6l\u00e7erler, partik\u00fcl i\u00e7ermeyen s\u0131v\u0131lardaki ak\u0131\u015f h\u0131z\u0131n\u0131 ve hacmini \u00f6l\u00e7mek i\u00e7in olduk\u00e7a uygun maliyetli ve pratik bir \u00e7\u00f6z\u00fcmd\u00fcr. \u00c7al\u0131\u015fma prensibi esasen, hareket eden s\u0131v\u0131n\u0131n, ak\u0131\u015f y\u00f6n\u00fcne dik olarak eksenel olarak hizalanm\u0131\u015f bir t\u00fcrbini (\u00e7ark) ak\u0131\u015fkan h\u0131z\u0131na orant\u0131l\u0131 bir h\u0131zda d\u00f6nd\u00fcrmesine dayan\u0131r&#8230;<\/p>","protected":false},"featured_media":14746,"comment_status":"closed","ping_status":"closed","template":"","meta":[],"product_brand":[],"product_cat":[54],"product_tag":[],"class_list":{"0":"post-14745","1":"product","2":"type-product","3":"status-publish","4":"has-post-thumbnail","6":"product_cat-turbin-akis-olcer","8":"first","9":"instock","10":"shipping-taxable","11":"product-type-simple"},"_links":{"self":[{"href":"https:\/\/protekon.com\/en\/wp-json\/wp\/v2\/product\/14745","targetHints":{"allow":["GET"]}}],"collection":[{"href":"https:\/\/protekon.com\/en\/wp-json\/wp\/v2\/product"}],"about":[{"href":"https:\/\/protekon.com\/en\/wp-json\/wp\/v2\/types\/product"}],"replies":[{"embeddable":true,"href":"https:\/\/protekon.com\/en\/wp-json\/wp\/v2\/comments?post=14745"}],"wp:featuredmedia":[{"embeddable":true,"href":"https:\/\/protekon.com\/en\/wp-json\/wp\/v2\/media\/14746"}],"wp:attachment":[{"href":"https:\/\/protekon.com\/en\/wp-json\/wp\/v2\/media?parent=14745"}],"wp:term":[{"taxonomy":"product_brand","embeddable":true,"href":"https:\/\/protekon.com\/en\/wp-json\/wp\/v2\/product_brand?post=14745"},{"taxonomy":"product_cat","embeddable":true,"href":"https:\/\/protekon.com\/en\/wp-json\/wp\/v2\/product_cat?post=14745"},{"taxonomy":"product_tag","embeddable":true,"href":"https:\/\/protekon.com\/en\/wp-json\/wp\/v2\/product_tag?post=14745"}],"curies":[{"name":"wp","href":"https:\/\/api.w.org\/{rel}","templated":true}]}}