{"id":14758,"date":"2026-03-30T05:45:05","date_gmt":"2026-03-30T05:45:05","guid":{"rendered":"https:\/\/protekon.com\/?post_type=product&#038;p=14758"},"modified":"2026-03-30T05:55:36","modified_gmt":"2026-03-30T05:55:36","slug":"rm-v-r-series-discrete-type-vortex-flowmeter","status":"publish","type":"product","link":"https:\/\/protekon.com\/en\/product\/rm-v-r-series-discrete-type-vortex-flowmeter\/","title":{"rendered":"RM-V-R SERIES Discrete Type Vortex Flowmeter"},"content":{"rendered":"<table>\n<tbody>\n<tr>\n<td>\n<p dir=\"ltr\">Measuring Range<\/p>\n<\/td>\n<td>\n<p dir=\"ltr\"><strong data-end=\"147\" data-start=\"136\">Liquid:<\/strong>\u00a00.25 m\/s ~ 9.5 m\/s<\/p>\n<p dir=\"ltr\"><strong data-end=\"189\" data-start=\"181\">Gas:<\/strong>\u00a04 m\/s ~ 78 m\/s<\/p>\n<p dir=\"ltr\"><strong data-end=\"229\" data-start=\"219\">Steam:<\/strong>\u00a03 m\/s ~ 78 m\/s<\/p>\n<\/td>\n<\/tr>\n<tr>\n<td>\n<p dir=\"ltr\">Measurable Media<\/p>\n<\/td>\n<td>\n<p dir=\"ltr\">Liquid, gas, steam<\/p>\n<\/td>\n<\/tr>\n<tr>\n<td>\n<p dir=\"ltr\">Nominal Pressure<\/p>\n<\/td>\n<td>\n<p dir=\"ltr\">1.0 MPa, 1.6 MPa, 2.5 MPa (Standard) |\u00a0<em data-end=\"372\" data-start=\"360\">(Optional)<\/em>\u00a04.0 MPa for DN15\u2026DN80<\/p>\n<\/td>\n<\/tr>\n<tr>\n<td>\n<p dir=\"ltr\">Special Range<\/p>\n<\/td>\n<td>\n<p dir=\"ltr\">According to customer pressure data, DN15\u2013DN300<\/p>\n<\/td>\n<\/tr>\n<tr>\n<td>\n<p dir=\"ltr\">Accuracy (Full Scale)<\/p>\n<\/td>\n<td>\n<p dir=\"ltr\">Liquid: \u00b10.5% | Gas &amp; steam: \u00b11.0%, \u00b11.5%<\/p>\n<\/td>\n<\/tr>\n<tr>\n<td>\n<p dir=\"ltr\">Turndown Ratio<\/p>\n<\/td>\n<td>\n<p dir=\"ltr\">1:10, 1:20, 1:30, 1:40<\/p>\n<\/td>\n<\/tr>\n<tr>\n<td>\n<p dir=\"ltr\">Drag Coefficient (Full Scale)<\/p>\n<\/td>\n<td>\n<p dir=\"ltr\">Cd &lt; 2.4<\/p>\n<\/td>\n<\/tr>\n<tr>\n<td>\n<p dir=\"ltr\">Vibration<\/p>\n<\/td>\n<td>\n<p dir=\"ltr\">Max 2g<\/p>\n<\/td>\n<\/tr>\n<tr>\n<td>\n<p dir=\"ltr\">Ambient Temperature<\/p>\n<\/td>\n<td>\n<p dir=\"ltr\">Standard: -40\u00b0C ~ +250\u00b0C |\u00a0<em data-end=\"740\" data-start=\"728\">(Optional)<\/em>\u00a0-40\u00b0C ~ +350\u00b0C<\/p>\n<\/td>\n<\/tr>\n<tr>\n<td>\n<p dir=\"ltr\">Material<\/p>\n<\/td>\n<td>\n<p dir=\"ltr\">316 SS \/ 304 SS<\/p>\n<\/td>\n<\/tr>\n<\/tbody>\n<\/table>","protected":false},"excerpt":{"rendered":"<p>Girdap ak\u0131\u015f \u00f6l\u00e7erler, cihaz\u0131n i\u00e7indeki sens\u00f6r (piezoelektrik eleman) taraf\u0131ndan \u00fcretilen frekans\u0131 sayarak ak\u0131\u015f\u0131 \u00f6l\u00e7er ve \u00f6l\u00e7\u00fclen h\u0131zdan matematiksel form\u00fcller kullanarak ak\u0131\u015f h\u0131z\u0131n\u0131 hesaplar. Bu \u00f6l\u00e7\u00fclen frekanslar ak\u0131\u015f h\u0131z\u0131yla orant\u0131l\u0131d\u0131r. Bas\u0131n\u00e7 ve s\u0131cakl\u0131k verileri, \u00f6zellikle gazlar\u0131n k\u00fctle ak\u0131\u015f \u00f6l\u00e7\u00fcm\u00fcnde yo\u011funlu\u011fu do\u011frudan etkiledikleri i\u00e7in hesaplamada kullan\u0131l\u0131r. Bu iki de\u011ferin de\u011fi\u015fti\u011fi uygulamalar i\u00e7in, yo\u011funlu\u011fun de\u011fi\u015fimini hesaplayan ve do\u011fru ak\u0131\u015f \u00f6l\u00e7\u00fcm\u00fcn\u00fc sa\u011flayan kompanzasyonlu modeller tercih edilir.<\/p>","protected":false},"featured_media":14759,"comment_status":"closed","ping_status":"closed","template":"","meta":[],"product_brand":[],"product_cat":[55],"product_tag":[],"class_list":{"0":"post-14758","1":"product","2":"type-product","3":"status-publish","4":"has-post-thumbnail","6":"product_cat-vorteks-akis-olcer","8":"first","9":"instock","10":"shipping-taxable","11":"product-type-simple"},"_links":{"self":[{"href":"https:\/\/protekon.com\/en\/wp-json\/wp\/v2\/product\/14758","targetHints":{"allow":["GET"]}}],"collection":[{"href":"https:\/\/protekon.com\/en\/wp-json\/wp\/v2\/product"}],"about":[{"href":"https:\/\/protekon.com\/en\/wp-json\/wp\/v2\/types\/product"}],"replies":[{"embeddable":true,"href":"https:\/\/protekon.com\/en\/wp-json\/wp\/v2\/comments?post=14758"}],"wp:featuredmedia":[{"embeddable":true,"href":"https:\/\/protekon.com\/en\/wp-json\/wp\/v2\/media\/14759"}],"wp:attachment":[{"href":"https:\/\/protekon.com\/en\/wp-json\/wp\/v2\/media?parent=14758"}],"wp:term":[{"taxonomy":"product_brand","embeddable":true,"href":"https:\/\/protekon.com\/en\/wp-json\/wp\/v2\/product_brand?post=14758"},{"taxonomy":"product_cat","embeddable":true,"href":"https:\/\/protekon.com\/en\/wp-json\/wp\/v2\/product_cat?post=14758"},{"taxonomy":"product_tag","embeddable":true,"href":"https:\/\/protekon.com\/en\/wp-json\/wp\/v2\/product_tag?post=14758"}],"curies":[{"name":"wp","href":"https:\/\/api.w.org\/{rel}","templated":true}]}}