{"id":14760,"date":"2026-03-30T05:59:00","date_gmt":"2026-03-30T05:59:00","guid":{"rendered":"https:\/\/protekon.com\/?post_type=product&#038;p=14760"},"modified":"2026-03-30T05:59:00","modified_gmt":"2026-03-30T05:59:00","slug":"rm-rdr-series-open-channel-flow-measurement-set-with-radar-level-sensor","status":"publish","type":"product","link":"https:\/\/protekon.com\/en\/product\/rm-rdr-series-open-channel-flow-measurement-set-with-radar-level-sensor\/","title":{"rendered":"RM-RDR Series Open Channel Flow Measurement Set with Radar Level Sensor"},"content":{"rendered":"<table>\n<tbody>\n<tr>\n<td>\n<p dir=\"ltr\">Measurement Range<\/p>\n<\/td>\n<td>\n<p dir=\"ltr\">01&#8230;30 m (Liquids and Solids)<\/p>\n<\/td>\n<\/tr>\n<tr>\n<td>\n<p dir=\"ltr\">Accuracy\/Beam Angle<\/p>\n<\/td>\n<td>\n<p dir=\"ltr\">\u00b13 mm \/ 6\u00b0<\/p>\n<\/td>\n<\/tr>\n<tr>\n<td>\n<p dir=\"ltr\">Process Temperature<\/p>\n<\/td>\n<td>\n<p dir=\"ltr\">-40&#8230; +85\u00b0C<\/p>\n<\/td>\n<\/tr>\n<tr>\n<td>\n<p dir=\"ltr\">Process Connection<\/p>\n<\/td>\n<td>\n<p dir=\"ltr\">M24x1,5<\/p>\n<\/td>\n<\/tr>\n<tr>\n<td>\n<p dir=\"ltr\">Material<\/p>\n<\/td>\n<td>\n<p dir=\"ltr\">Plastic<\/p>\n<\/td>\n<\/tr>\n<tr>\n<td>\n<p dir=\"ltr\">Power Supply<\/p>\n<\/td>\n<td>\n<p dir=\"ltr\">12&#8230;30 VDC<\/p>\n<\/td>\n<\/tr>\n<tr>\n<td>\n<p dir=\"ltr\">Output<\/p>\n<\/td>\n<td>\n<p dir=\"ltr\">RS485 MODBUS, Bluetooth, LORA ve 4G (Opsiyonel)<\/p>\n<\/td>\n<\/tr>\n<tr>\n<td>\n<p dir=\"ltr\">Protection Class<\/p>\n<\/td>\n<td>\n<p dir=\"ltr\">IP67<\/p>\n<\/td>\n<\/tr>\n<\/tbody>\n<\/table>","protected":false},"excerpt":{"rendered":"<p>A\u00e7\u0131k kanall\u0131 ultrasonik ak\u0131\u015f \u00f6l\u00e7\u00fcm seti, savak yap\u0131lar\u0131na sahip kanallardaki s\u0131v\u0131 seviyesini referans alarak anl\u0131k ve toplam ak\u0131\u015f \u00f6l\u00e7\u00fcm\u00fc ger\u00e7ekle\u015ftirir. Dikd\u00f6rtgen savaklar, U savaklar, Parshall kanallar\u0131, V \u00e7entikli savaklar ve Cipolletti savaklar gibi \u00e7e\u015fitli savak tipleriyle g\u00fcvenle kullan\u0131labilir. Bu sistem, hassas ve g\u00fcvenilir \u00f6l\u00e7\u00fcmler sa\u011flayan bir radar veya ultrasonik seviye sens\u00f6r\u00fc ile bir ak\u0131\u015f kontrol ve kay\u0131t \u00fcnitesinden olu\u015fur.<\/p>","protected":false},"featured_media":14761,"comment_status":"closed","ping_status":"closed","template":"","meta":[],"product_brand":[],"product_cat":[56],"product_tag":[],"class_list":{"0":"post-14760","1":"product","2":"type-product","3":"status-publish","4":"has-post-thumbnail","6":"product_cat-acik-kanal-akis-olcer","8":"first","9":"instock","10":"shipping-taxable","11":"product-type-simple"},"_links":{"self":[{"href":"https:\/\/protekon.com\/en\/wp-json\/wp\/v2\/product\/14760","targetHints":{"allow":["GET"]}}],"collection":[{"href":"https:\/\/protekon.com\/en\/wp-json\/wp\/v2\/product"}],"about":[{"href":"https:\/\/protekon.com\/en\/wp-json\/wp\/v2\/types\/product"}],"replies":[{"embeddable":true,"href":"https:\/\/protekon.com\/en\/wp-json\/wp\/v2\/comments?post=14760"}],"wp:featuredmedia":[{"embeddable":true,"href":"https:\/\/protekon.com\/en\/wp-json\/wp\/v2\/media\/14761"}],"wp:attachment":[{"href":"https:\/\/protekon.com\/en\/wp-json\/wp\/v2\/media?parent=14760"}],"wp:term":[{"taxonomy":"product_brand","embeddable":true,"href":"https:\/\/protekon.com\/en\/wp-json\/wp\/v2\/product_brand?post=14760"},{"taxonomy":"product_cat","embeddable":true,"href":"https:\/\/protekon.com\/en\/wp-json\/wp\/v2\/product_cat?post=14760"},{"taxonomy":"product_tag","embeddable":true,"href":"https:\/\/protekon.com\/en\/wp-json\/wp\/v2\/product_tag?post=14760"}],"curies":[{"name":"wp","href":"https:\/\/api.w.org\/{rel}","templated":true}]}}