{"id":14785,"date":"2026-03-31T04:59:49","date_gmt":"2026-03-31T04:59:49","guid":{"rendered":"https:\/\/protekon.com\/?post_type=product&#038;p=14785"},"modified":"2026-03-31T04:59:49","modified_gmt":"2026-03-31T04:59:49","slug":"fixed-type-thermal-mass-flowmeter","status":"publish","type":"product","link":"https:\/\/protekon.com\/en\/product\/fixed-type-thermal-mass-flowmeter\/","title":{"rendered":"FIXED TYPE THERMAL MASS FLOWMETER"},"content":{"rendered":"<table>\n<tbody>\n<tr>\n<td>\n<p dir=\"ltr\">Measurement Range<\/p>\n<\/td>\n<td>\n<p dir=\"ltr\">0 &#8211; 60 m\/s velocity (at 20\u00b0C Temperature and 1.0133 Mpa Pressure)<\/p>\n<\/td>\n<\/tr>\n<tr>\n<td>\n<p dir=\"ltr\">Temperature Range<\/p>\n<\/td>\n<td>\n<p dir=\"ltr\">Main Display: -40\u00b0C &#8211; +85\u00b0C \/ Sensor: -10\u00b0C &#8211; +350\u00b0C<\/p>\n<\/td>\n<\/tr>\n<tr>\n<td>\n<p dir=\"ltr\">Accuracy<\/p>\n<\/td>\n<td>\n<p dir=\"ltr\">0.5% of Reading<\/p>\n<\/td>\n<\/tr>\n<tr>\n<td>\n<p dir=\"ltr\">Maximum Probe Length<\/p>\n<\/td>\n<td>\n<p dir=\"ltr\">500 mm<\/p>\n<\/td>\n<\/tr>\n<tr>\n<td>\n<p dir=\"ltr\">Probe Mounting<\/p>\n<\/td>\n<td>\n<p dir=\"ltr\">Pipe Diameter \/ 2 \u00b1 25 mm<\/p>\n<\/td>\n<\/tr>\n<tr>\n<td>\n<p dir=\"ltr\">Output<\/p>\n<\/td>\n<td>\n<p dir=\"ltr\">Flow and Temperature: 4-20 mA Analog Output, Output impedance (Vs-12) \/ 0.02 Ohm<\/p>\n<\/td>\n<\/tr>\n<tr>\n<td>\n<p dir=\"ltr\">Material<\/p>\n<\/td>\n<td>\n<p dir=\"ltr\">AISI 316 Stainless Steel<\/p>\n<\/td>\n<\/tr>\n<tr>\n<td>\n<p dir=\"ltr\">Alarm Output<\/p>\n<\/td>\n<td>\n<p dir=\"ltr\">Photo-isolator Output 50V \/ 150 mADC<\/p>\n<\/td>\n<\/tr>\n<tr>\n<td>Temperature Coefficient<\/td>\n<td>0.05% \/ 10\u00b0C<\/td>\n<\/tr>\n<tr>\n<td>Pressure Effect<\/td>\n<td>Negligible \/ None<\/td>\n<\/tr>\n<tr>\n<td>Response Time<\/td>\n<td>1 sec<\/td>\n<\/tr>\n<tr>\n<td>Power Supply<\/td>\n<td>24 VDC \u00b1 10% or 220 VAC \u00b1 10%<\/td>\n<\/tr>\n<tr>\n<td>Working Pressure<\/td>\n<td>1.6 Mpa (Pressure values above this limit must be notified during the production stage.)<\/td>\n<\/tr>\n<tr>\n<td>Communication Interface<\/td>\n<td>RS232 or RS485 (Changeable via user interface.)<\/td>\n<\/tr>\n<tr>\n<td>User Menu<\/td>\n<td>Flow Range, Alarm Values, Calibration parameters, Temperature Range are adjustable.<\/td>\n<\/tr>\n<tr>\n<td>Protection Class<\/td>\n<td>dIICT4 Ex-proof Protection (Except Acetylene)<\/td>\n<\/tr>\n<\/tbody>\n<\/table>","protected":false},"excerpt":{"rendered":"<p>Termal k\u00fctle ak\u0131\u015f \u00f6l\u00e7erler, gazlar\u0131n k\u00fctle ak\u0131\u015f\u0131n\u0131 \u00f6l\u00e7mek i\u00e7in tasarlanm\u0131\u015ft\u0131r. Standart ak\u0131\u015f \u00f6l\u00e7erler do\u011fru ak\u0131\u015f \u00f6l\u00e7\u00fcm\u00fc i\u00e7in bas\u0131n\u00e7 ve s\u0131cakl\u0131k kompanzasyonuna ihtiya\u00e7 duyarken, termal k\u00fctle ak\u0131\u015f \u00f6l\u00e7erler bu t\u00fcr bir kompanzasyona gerek kalmadan ak\u0131\u015fkan\u0131n k\u00fctle ak\u0131\u015f h\u0131z\u0131n\u0131 do\u011frudan hesaplayabilir. K\u00fctle ak\u0131\u015f \u00f6l\u00e7erler, uygulama kolayl\u0131\u011f\u0131, hareketli par\u00e7a olmamas\u0131, \u00e7ok d\u00fc\u015f\u00fck bas\u0131n\u00e7 d\u00fc\u015f\u00fc\u015f\u00fc, geni\u015f \u00f6l\u00e7\u00fcm aral\u0131\u011f\u0131, y\u00fcksek do\u011fruluk ve y\u00fcksek g\u00fcvenilirlik nedeniyle tercih edilir. Termal k\u00fctle ak\u0131\u015f \u00f6l\u00e7erler a\u011f\u0131rl\u0131kl\u0131 olarak petrol t\u00fcrevleri, kimya end\u00fcstrisi, t\u0131p end\u00fcstrisi, termik santraller ve \u00e7evre koruma gibi sekt\u00f6rlerde kullan\u0131lmaktad\u0131r.<\/p>","protected":false},"featured_media":14786,"comment_status":"closed","ping_status":"closed","template":"","meta":[],"product_brand":[],"product_cat":[57],"product_tag":[],"class_list":{"0":"post-14785","1":"product","2":"type-product","3":"status-publish","4":"has-post-thumbnail","6":"product_cat-termal-kutle-akis-olcer","8":"first","9":"instock","10":"shipping-taxable","11":"product-type-simple"},"_links":{"self":[{"href":"https:\/\/protekon.com\/en\/wp-json\/wp\/v2\/product\/14785","targetHints":{"allow":["GET"]}}],"collection":[{"href":"https:\/\/protekon.com\/en\/wp-json\/wp\/v2\/product"}],"about":[{"href":"https:\/\/protekon.com\/en\/wp-json\/wp\/v2\/types\/product"}],"replies":[{"embeddable":true,"href":"https:\/\/protekon.com\/en\/wp-json\/wp\/v2\/comments?post=14785"}],"wp:featuredmedia":[{"embeddable":true,"href":"https:\/\/protekon.com\/en\/wp-json\/wp\/v2\/media\/14786"}],"wp:attachment":[{"href":"https:\/\/protekon.com\/en\/wp-json\/wp\/v2\/media?parent=14785"}],"wp:term":[{"taxonomy":"product_brand","embeddable":true,"href":"https:\/\/protekon.com\/en\/wp-json\/wp\/v2\/product_brand?post=14785"},{"taxonomy":"product_cat","embeddable":true,"href":"https:\/\/protekon.com\/en\/wp-json\/wp\/v2\/product_cat?post=14785"},{"taxonomy":"product_tag","embeddable":true,"href":"https:\/\/protekon.com\/en\/wp-json\/wp\/v2\/product_tag?post=14785"}],"curies":[{"name":"wp","href":"https:\/\/api.w.org\/{rel}","templated":true}]}}