{"id":4302,"date":"2021-12-01T10:00:16","date_gmt":"2021-12-01T10:00:16","guid":{"rendered":"https:\/\/demo.casethemes.net\/industo\/?post_type=product&#038;p=4302"},"modified":"2026-04-01T11:28:14","modified_gmt":"2026-04-01T11:28:14","slug":"slim-fit-chinos-mens-uk","status":"publish","type":"product","link":"https:\/\/protekon.com\/en\/product\/slim-fit-chinos-mens-uk\/","title":{"rendered":"Reinmeer -MH"},"content":{"rendered":"<table border=\"1\" cellspacing=\"2\" cellpadding=\"3\">\n<tbody>\n<tr>\n<td><strong>Pipe Sizes<\/strong><\/td>\n<td>DN10&#8230;DN3000<\/td>\n<\/tr>\n<tr>\n<td><strong>Measuring Range\u00a0 \u00a0<\/strong><\/td>\n<td>0,2 &#8230; 12 m\/s<\/td>\n<\/tr>\n<tr>\n<td><strong>Accuracy<\/strong><\/td>\n<td>\u00b10.50% or \u00b10.2% (of Measured Value)<\/td>\n<\/tr>\n<tr>\n<td><strong>Process Temperature<\/strong><\/td>\n<td>Ebonite -10\u00b0C&#8230;+60\u00b0C \/ Teflon(PTFE) -20\u00b0C&#8230;+150\u00b0C<\/td>\n<\/tr>\n<tr>\n<td><strong>Process Conductivity\u00a0 \u00a0<\/strong><\/td>\n<td>&gt;5 \u00b5S\/cm (&gt;20 \u00b5S\/cm for demineralised water)<\/td>\n<\/tr>\n<tr>\n<td><strong>Process Pressure<\/strong><\/td>\n<td>PN10, PN16, PN25, PN40, PN100 (depend on pipe size)<\/td>\n<\/tr>\n<tr>\n<td><strong>Power Supply<\/strong><\/td>\n<td>85-265 VAC 50-60 Hz, 24 VDC, Battery Operated<\/td>\n<\/tr>\n<tr>\n<td><strong>Straight Pipe Distance<\/strong><\/td>\n<td>5x DN front 3x DN behind of the flowmeter<\/td>\n<\/tr>\n<tr>\n<td><strong>Special Options<\/strong><\/td>\n<td>Stainless Steel Body, Loose Flange, \u00a0Wafer Type<\/td>\n<\/tr>\n<tr>\n<td><strong>Output<\/strong><\/td>\n<td>Standard (4-20 mA, 0-10V, Frequency, Pulse)<\/td>\n<\/tr>\n<tr>\n<td><strong>Communications<\/strong><\/td>\n<td>RS485 MODBUS, Wifi, Bluetooth (Standard)<\/p>\n<p>HART,PROFIBUS, LoraWAN,4G (Optional)<\/td>\n<\/tr>\n<tr>\n<td><strong>Alarms<\/strong><\/td>\n<td>1x passive pulse (12-36VDC, 100 mA, 1.5 k\u03a9 )<\/p>\n<p>(selectable one of Empty Pipe, Sensor Error, Over Limit)<\/td>\n<\/tr>\n<tr>\n<td><strong>Digital Input<\/strong><\/td>\n<td>Flow reading start\/stop \/ Clear errors \/ Reset total flow<\/td>\n<\/tr>\n<tr>\n<td><strong>Data Logging<\/strong><\/td>\n<td>Datalogger with 65,000 data memory<\/td>\n<\/tr>\n<tr>\n<td><strong>Indicator<\/strong><\/td>\n<td>3 Line 30 digit with 4 push buttons LCD<\/td>\n<\/tr>\n<tr>\n<td><b>Protection Class<\/b><\/td>\n<td>IP67 (Compact Model) \/ IP68 (Remote Model)<\/td>\n<\/tr>\n<\/tbody>\n<\/table>","protected":false},"excerpt":{"rendered":"<p>Reinmeer -MH<\/p>\n<p>Reinmeer Serisi elektromanyetik debimetreler, su ve at\u0131k su uygulamalar\u0131n\u0131n yan\u0131 s\u0131ra su bazl\u0131 veya iletken t\u00fcm s\u0131v\u0131lar\u0131n hacimsel debi \u00f6l\u00e7\u00fcmlerinde kolayl\u0131kla kullan\u0131labilir.<\/p>","protected":false},"featured_media":14490,"comment_status":"closed","ping_status":"closed","template":"","meta":[],"product_brand":[],"product_cat":[51],"product_tag":[35],"class_list":{"0":"post-4302","1":"product","2":"type-product","3":"status-publish","4":"has-post-thumbnail","6":"product_cat-elektromanyetik-akis-olcer","7":"product_tag-tools","9":"first","10":"instock","11":"featured","12":"shipping-taxable","13":"product-type-simple"},"_links":{"self":[{"href":"https:\/\/protekon.com\/en\/wp-json\/wp\/v2\/product\/4302","targetHints":{"allow":["GET"]}}],"collection":[{"href":"https:\/\/protekon.com\/en\/wp-json\/wp\/v2\/product"}],"about":[{"href":"https:\/\/protekon.com\/en\/wp-json\/wp\/v2\/types\/product"}],"replies":[{"embeddable":true,"href":"https:\/\/protekon.com\/en\/wp-json\/wp\/v2\/comments?post=4302"}],"wp:featuredmedia":[{"embeddable":true,"href":"https:\/\/protekon.com\/en\/wp-json\/wp\/v2\/media\/14490"}],"wp:attachment":[{"href":"https:\/\/protekon.com\/en\/wp-json\/wp\/v2\/media?parent=4302"}],"wp:term":[{"taxonomy":"product_brand","embeddable":true,"href":"https:\/\/protekon.com\/en\/wp-json\/wp\/v2\/product_brand?post=4302"},{"taxonomy":"product_cat","embeddable":true,"href":"https:\/\/protekon.com\/en\/wp-json\/wp\/v2\/product_cat?post=4302"},{"taxonomy":"product_tag","embeddable":true,"href":"https:\/\/protekon.com\/en\/wp-json\/wp\/v2\/product_tag?post=4302"}],"curies":[{"name":"wp","href":"https:\/\/api.w.org\/{rel}","templated":true}]}}